{"id":2058,"date":"2025-05-02T11:21:33","date_gmt":"2025-05-02T11:21:33","guid":{"rendered":"https:\/\/ig-center.com\/?page_id=2058"},"modified":"2025-05-02T12:15:45","modified_gmt":"2025-05-02T12:15:45","slug":"%d8%a7%d9%84%d8%aa%d8%b3%d8%ac%d9%8a%d9%84-%d8%a7%d9%84%d9%85%d8%b3%d8%a8%d9%82","status":"publish","type":"page","link":"https:\/\/ig-center.com\/ar\/%d8%a7%d9%84%d8%aa%d8%b3%d8%ac%d9%8a%d9%84-%d8%a7%d9%84%d9%85%d8%b3%d8%a8%d9%82\/","title":{"rendered":"\u0627\u0644\u062a\u0633\u062c\u064a\u0644 \u0627\u0644\u0645\u0633\u0628\u0642"},"content":{"rendered":"<div data-elementor-type=\"wp-page\" data-elementor-id=\"2058\" class=\"elementor elementor-2058\" data-elementor-post-type=\"page\">\n\t\t\t\t<div class=\"elementor-element elementor-element-38cb91b e-con-full e-flex e-con e-parent\" data-id=\"38cb91b\" data-element_type=\"container\" data-e-type=\"container\" data-settings=\"{&quot;background_background&quot;:&quot;classic&quot;}\">\n\t\t\t\t<div class=\"elementor-element elementor-element-e17b0f1 elementor-widget elementor-widget-heading\" data-id=\"e17b0f1\" data-element_type=\"widget\" data-e-type=\"widget\" data-widget_type=\"heading.default\">\n\t\t\t\t<div class=\"elementor-widget-container\">\n\t\t\t\t\t<h2 class=\"elementor-heading-title elementor-size-default\">\u0627\u0644\u062a\u0633\u062c\u064a\u0644 \u0627\u0644\u0645\u0633\u0628\u0642<\/h2>\t\t\t\t<\/div>\n\t\t\t\t<\/div>\n\t\t\t\t<\/div>\n\t\t<div class=\"elementor-element elementor-element-f295f97 e-con-full e-flex e-con e-parent\" data-id=\"f295f97\" data-element_type=\"container\" data-e-type=\"container\">\n\t\t<div class=\"elementor-element elementor-element-e15873d e-con-full e-flex e-con e-child\" data-id=\"e15873d\" data-element_type=\"container\" data-e-type=\"container\">\n\t\t<div class=\"elementor-element elementor-element-111dd88 e-con-full e-flex e-con e-child\" data-id=\"111dd88\" data-element_type=\"container\" data-e-type=\"container\">\n\t\t\t\t<div class=\"elementor-element elementor-element-cb423a6 elementor-widget elementor-widget-heading\" data-id=\"cb423a6\" data-element_type=\"widget\" data-e-type=\"widget\" data-widget_type=\"heading.default\">\n\t\t\t\t<div class=\"elementor-widget-container\">\n\t\t\t\t\t<h2 class=\"elementor-heading-title elementor-size-default\">\u0647\u0644 \u0623\u0646\u062a \u0645\u0633\u062a\u0639\u062f \u0644\u062a\u062d\u0648\u064a\u0644 \u0634\u063a\u0641\u0643 \u0625\u0644\u0649 \u0645\u0647\u0646\u0629\u061f<\/h2>\t\t\t\t<\/div>\n\t\t\t\t<\/div>\n\t\t\t\t<div class=\"elementor-element elementor-element-9f65448 elementor-widget elementor-widget-heading\" data-id=\"9f65448\" data-element_type=\"widget\" data-e-type=\"widget\" data-widget_type=\"heading.default\">\n\t\t\t\t<div class=\"elementor-widget-container\">\n\t\t\t\t\t<h1 class=\"elementor-heading-title elementor-size-default\">\u0633\u062c\u0651\u0644 \u0641\u064a \u0645\u0631\u0643\u0632\u0646\u0627 \u0644\u0644\u062a\u062f\u0631\u064a\u0628 \u0627\u0644\u0627\u062d\u062a\u0631\u0627\u0641\u064a<\/h1>\t\t\t\t<\/div>\n\t\t\t\t<\/div>\n\t\t\t\t<div class=\"elementor-element elementor-element-d604150 elementor-widget__width-initial elementor-widget elementor-widget-text-editor\" data-id=\"d604150\" data-element_type=\"widget\" data-e-type=\"widget\" data-widget_type=\"text-editor.default\">\n\t\t\t\t<div class=\"elementor-widget-container\">\n\t\t\t\t\t\t\t\t\t<p>\u064a\u0642\u062f\u0645 \u0645\u0631\u0643\u0632\u0646\u0627 \u062f\u0648\u0631\u0627\u062a \u062a\u062f\u0631\u064a\u0628\u064a\u0629 \u062a\u0624\u062f\u064a \u0625\u0644\u0649 \u0627\u0644\u062d\u0635\u0648\u0644 \u0639\u0644\u0649 \u0634\u0647\u0627\u062f\u0627\u062a \u0641\u064a \u0639\u062f\u062f \u0645\u0646 \u0627\u0644\u0645\u062c\u0627\u0644\u0627\u062a\u060c \u0648\u064a\u0634\u0631\u0641 \u0639\u0644\u064a\u0647\u0627 \u062e\u0628\u0631\u0627\u0621 \u0645\u062a\u062d\u0645\u0633\u0648\u0646. \u0633\u0648\u0627\u0621 \u0643\u0646\u062a \u062a\u062a\u0637\u0644\u0639 \u0625\u0644\u0649 \u062a\u0637\u0648\u064a\u0631 \u0645\u0647\u0627\u0631\u0627\u062a \u062c\u062f\u064a\u062f\u0629 \u0623\u0648 \u0625\u0637\u0644\u0627\u0642 \u0645\u0633\u064a\u0631\u062a\u0643 \u0627\u0644\u0645\u0647\u0646\u064a\u0629\u060c \u0641\u0646\u062d\u0646 \u0647\u0646\u0627 \u0644\u062f\u0639\u0645\u0643.<\/p>\t\t\t\t\t\t\t\t<\/div>\n\t\t\t\t<\/div>\n\t\t\t\t<div class=\"elementor-element elementor-element-4c71556 elementor-widget elementor-widget-heading\" data-id=\"4c71556\" data-element_type=\"widget\" data-e-type=\"widget\" data-widget_type=\"heading.default\">\n\t\t\t\t<div class=\"elementor-widget-container\">\n\t\t\t\t\t<h2 class=\"elementor-heading-title elementor-size-default\">\u0627\u0645\u0644\u0623 \u0627\u0644\u0646\u0645\u0648\u0630\u062c \u0644\u0644\u062d\u0635\u0648\u0644 \u0639\u0644\u0649 \u062c\u0645\u064a\u0639 \u0627\u0644\u0645\u0639\u0644\u0648\u0645\u0627\u062a \u0648\u062d\u062c\u0632 \u0645\u0643\u0627\u0646\u0643.<\/h2>\t\t\t\t<\/div>\n\t\t\t\t<\/div>\n\t\t\t\t<\/div>\n\t\t\t\t<\/div>\n\t\t<div class=\"elementor-element elementor-element-bead334 e-con-full e-flex e-con e-child\" data-id=\"bead334\" data-element_type=\"container\" data-e-type=\"container\">\n\t\t<div class=\"elementor-element elementor-element-505e0af e-con-full e-flex e-con e-child\" data-id=\"505e0af\" data-element_type=\"container\" data-e-type=\"container\">\n\t\t<div class=\"elementor-element elementor-element-b677b8b e-con-full e-flex e-con e-child\" data-id=\"b677b8b\" data-element_type=\"container\" data-e-type=\"container\" data-settings=\"{&quot;background_background&quot;:&quot;classic&quot;}\">\n\t\t\t\t<div class=\"elementor-element elementor-element-4433654 elementor-widget elementor-widget-heading\" data-id=\"4433654\" data-element_type=\"widget\" data-e-type=\"widget\" data-widget_type=\"heading.default\">\n\t\t\t\t<div class=\"elementor-widget-container\">\n\t\t\t\t\t<h2 class=\"elementor-heading-title elementor-size-default\">\u0627\u0644\u062a\u0633\u062c\u064a\u0644 \u0627\u0644\u0645\u0633\u0628\u0642<\/h2>\t\t\t\t<\/div>\n\t\t\t\t<\/div>\n\t\t\t\t<div class=\"elementor-element elementor-element-2116eba elementor-widget elementor-widget-shortcode\" data-id=\"2116eba\" data-element_type=\"widget\" data-e-type=\"widget\" data-widget_type=\"shortcode.default\">\n\t\t\t\t<div class=\"elementor-widget-container\">\n\t\t\t\t\t\t\t<div class=\"elementor-shortcode\"><div class=\"forminator-ui forminator-custom-form forminator-custom-form-2069 forminator-design--flat  forminator_ajax\" data-forminator-render=\"0\" data-form=\"forminator-module-2069\" data-uid=\"69dc7d8e4fb79\"><br\/><\/div><form\r\n\t\t\t\tid=\"forminator-module-2069\"\r\n\t\t\t\tclass=\"forminator-ui forminator-custom-form forminator-custom-form-2069 forminator-design--flat  forminator_ajax\"\r\n\t\t\t\tmethod=\"post\"\r\n\t\t\t\tdata-forminator-render=\"0\"\r\n\t\t\t\tdata-form-id=\"2069\"\r\n\t\t\t\t\r\n\t\t\t\tdata-design=\"flat\"\r\n\t\t\t\t\r\n\t\t\t\t\r\n\t\t\t\t\r\n\t\t\t\tdata-grid=\"open\"\r\n\t\t\t\t\r\n\t\t\t\t\r\n\t\t\t\tstyle=\"display: none;\"\r\n\t\t\t\t\r\n\t\t\t\tdata-uid=\"69dc7d8e4fb79\" action=\"\"\r\n\t\t\t><div role=\"alert\" aria-live=\"polite\" class=\"forminator-response-message forminator-error\" aria-hidden=\"true\"><\/div><div class=\"forminator-row\"><div id=\"name-1\" class=\"forminator-field-name forminator-col forminator-col-12\"><div class=\"forminator-field\"><input type=\"text\" name=\"name-1\" value=\"\" placeholder=\"\u0627\u0644\u0627\u0633\u0645 \u0627\u0644\u0623\u0648\u0644 \u0648\u0627\u0644\u0623\u062e\u064a\u0631\" id=\"forminator-field-name-1_69dc7d8e4fb79\" class=\"forminator-input forminator-name--field\" aria-required=\"true\" \/><\/div><\/div><\/div><div class=\"forminator-row\"><div id=\"email-1\" class=\"forminator-field-email forminator-col forminator-col-12\"><div class=\"forminator-field\"><input type=\"email\" name=\"email-1\" value=\"\" placeholder=\"email@example.com\" id=\"forminator-field-email-1_69dc7d8e4fb79\" class=\"forminator-input forminator-email--field\" data-required=\"\" aria-required=\"false\" \/><\/div><\/div><\/div><div class=\"forminator-row\"><div id=\"date-1\" class=\"forminator-field-date forminator-col forminator-col-6\"><div class=\"forminator-field\"><div class=\"forminator-input-with-icon\"><span class=\"forminator-icon-calendar\" aria-hidden=\"true\"><\/span><input autocomplete=\"off\" type=\"text\" size=\"1\" name=\"date-1\" value=\"\" placeholder=\"\u062a\u0627\u0631\u064a\u062e \u0627\u0644\u0645\u064a\u0644\u0627\u062f\" id=\"forminator-field-date-1-picker_69dc7d8e4fb79\" class=\"forminator-input forminator-datepicker\" data-required=\"1\" data-format=\"mm\/dd\/yy\" data-restrict-type=\"\" data-restrict=\"\" data-start-year=\"1926\" data-end-year=\"2126\" data-past-dates=\"enable\" data-start-of-week=\"1\" data-start-date=\"\" data-end-date=\"\" data-start-field=\"\" data-end-field=\"\" data-start-offset=\"\" data-end-offset=\"\" data-disable-date=\"\" data-disable-range=\"\" \/><\/div><\/div><\/div><div id=\"phone-1\" class=\"forminator-field-phone forminator-col forminator-col-6\"><div class=\"forminator-field\"><input type=\"text\" name=\"phone-1\" value=\"\" placeholder=\"\u0631\u0642\u0645 \u0627\u0644\u0647\u0627\u062a\u0641\" id=\"forminator-field-phone-1_69dc7d8e4fb79\" class=\"forminator-input forminator-field--phone\" data-required=\"1\" aria-required=\"true\" autocomplete=\"off\" \/><\/div><\/div><\/div><div class=\"forminator-row\"><div id=\"select-1\" class=\"forminator-field-select forminator-col forminator-col-12\"><div class=\"forminator-field\"><span id=\"forminator-form-2069__field--select-1_69dc7d8e4fb79-description\" class=\"forminator-description\">\u0645\u0633\u062a\u0648\u0649 \u0627\u0644\u062f\u0631\u0627\u0633\u0629<\/span><select  id=\"forminator-form-2069__field--select-1_69dc7d8e4fb79\" class=\"forminator-select--field forminator-select2 forminator-select2-multiple\" data-required=\"\" name=\"select-1\" data-default-value=\"\" data-hidden-behavior=\"zero\" data-placeholder=\"\" data-search=\"false\" data-search-placeholder=\"\" data-checkbox=\"false\" data-allow-clear=\"false\" aria-labelledby=\"forminator-form-2069__field--select-1_69dc7d8e4fb79-label\" aria-describedby=\"forminator-form-2069__field--select-1_69dc7d8e4fb79-description\"><option value=\"one\"  data-calculation=\"0\">\u0627\u0644\u0633\u0646\u0629 \u0627\u0644\u0623\u0648\u0644\u0649 \u062b\u0627\u0646\u0648\u064a<\/option><option value=\"two\"  data-calculation=\"0\">\u0627\u0644\u0633\u0646\u0629 \u0627\u0644\u062b\u0627\u0646\u064a\u0629 \u062b\u0627\u0646\u0648\u064a<\/option><option value=\"3\u00e8me-Ann\u00e9e-Secondaire\"  data-calculation=\"0\">\u0627\u0644\u0633\u0646\u0629 \u0627\u0644\u062b\u0627\u0644\u062b\u0629 \u062b\u0627\u0646\u0648\u064a<\/option><option value=\"4\u00e8me-Ann\u00e9e-Secondaire\"  data-calculation=\"0\">\u0627\u0644\u0633\u0646\u0629 \u0627\u0644\u0631\u0627\u0628\u0639\u0629 \u062b\u0627\u0646\u0648\u064a<\/option><option value=\"Bac-R\u00e9ussi\"  data-calculation=\"0\">\u0628\u0627\u0643 \u0628\u0627\u0633<\/option><option value=\"Niveau-Universitaire\"  data-calculation=\"0\">\u0627\u0644\u0645\u0633\u062a\u0648\u0649 \u0627\u0644\u062c\u0627\u0645\u0639\u064a<\/option><\/select><\/div><\/div><\/div><div class=\"forminator-row\"><\/div><input type=\"hidden\" name=\"referer_url\" value=\"\" \/><div class=\"forminator-row forminator-row-last\"><div class=\"forminator-col\"><div class=\"forminator-field\"><button class=\"forminator-button forminator-button-submit\">\u0645\u0633\u062c\u0644 \u0645\u0633\u0628\u0642\u0627\u064b<\/button><\/div><\/div><\/div><input type=\"hidden\" id=\"forminator_nonce\" name=\"forminator_nonce\" value=\"5478f7948c\" \/><input type=\"hidden\" name=\"_wp_http_referer\" value=\"\/ar\/wp-json\/wp\/v2\/pages\/2058\" \/><input type=\"hidden\" name=\"form_id\" value=\"2069\"><input type=\"hidden\" name=\"page_id\" value=\"2058\"><input type=\"hidden\" name=\"form_type\" value=\"default\"><input type=\"hidden\" name=\"current_url\" value=\"https:\/\/ig-center.com\/ar\/%d8%a7%d9%84%d8%aa%d8%b3%d8%ac%d9%8a%d9%84-%d8%a7%d9%84%d9%85%d8%b3%d8%a8%d9%82\/\"><input type=\"hidden\" name=\"render_id\" value=\"0\"><input type=\"hidden\" name=\"action\" value=\"forminator_submit_form_custom-forms\"><input type=\"hidden\" name=\"trp-form-language\" value=\"ar\"\/><\/form><\/div>\n\t\t\t\t\t\t<\/div>\n\t\t\t\t<\/div>\n\t\t\t\t<\/div>\n\t\t\t\t<\/div>\n\t\t\t\t<\/div>\n\t\t\t\t<\/div>\n\t\t\t\t<\/div>","protected":false},"excerpt":{"rendered":"<p>Pr\u00e9-inscription Pr\u00eat(e) \u00e0 transformer votre passion en m\u00e9tier ? Inscrivez-vous \u00e0 notre centre de formation professionnelle Notre centre propose des formations certifiantes dans plusieurs domaines, encadr\u00e9es par des experts passionn\u00e9s. Que vous cherchiez \u00e0 d\u00e9velopper de nouvelles comp\u00e9tences ou \u00e0 lancer votre carri\u00e8re, nous sommes l\u00e0 pour vous accompagner. Remplissez le formulaire pour recevoir toutes [&hellip;]<\/p>","protected":false},"author":1,"featured_media":936,"parent":0,"menu_order":0,"comment_status":"closed","ping_status":"closed","template":"","meta":{"footnotes":""},"class_list":["post-2058","page","type-page","status-publish","has-post-thumbnail","hentry"],"meta_box":[],"_links":{"self":[{"href":"https:\/\/ig-center.com\/ar\/wp-json\/wp\/v2\/pages\/2058","targetHints":{"allow":["GET"]}}],"collection":[{"href":"https:\/\/ig-center.com\/ar\/wp-json\/wp\/v2\/pages"}],"about":[{"href":"https:\/\/ig-center.com\/ar\/wp-json\/wp\/v2\/types\/page"}],"author":[{"embeddable":true,"href":"https:\/\/ig-center.com\/ar\/wp-json\/wp\/v2\/users\/1"}],"replies":[{"embeddable":true,"href":"https:\/\/ig-center.com\/ar\/wp-json\/wp\/v2\/comments?post=2058"}],"version-history":[{"count":4,"href":"https:\/\/ig-center.com\/ar\/wp-json\/wp\/v2\/pages\/2058\/revisions"}],"predecessor-version":[{"id":2072,"href":"https:\/\/ig-center.com\/ar\/wp-json\/wp\/v2\/pages\/2058\/revisions\/2072"}],"wp:featuredmedia":[{"embeddable":true,"href":"https:\/\/ig-center.com\/ar\/wp-json\/wp\/v2\/media\/936"}],"wp:attachment":[{"href":"https:\/\/ig-center.com\/ar\/wp-json\/wp\/v2\/media?parent=2058"}],"curies":[{"name":"\u062f\u0628\u0644\u064a\u0648 \u0628\u064a","href":"https:\/\/api.w.org\/{rel}","templated":true}]}}